{"id":5323,"date":"2022-09-21T14:24:30","date_gmt":"2022-09-21T12:24:30","guid":{"rendered":"https:\/\/schaffer-partner.de\/?page_id=5323"},"modified":"2024-07-08T12:13:11","modified_gmt":"2024-07-08T10:13:11","slug":"informationspflicht","status":"publish","type":"page","link":"https:\/\/schaffer-partner.de\/en\/informationspflicht\/","title":{"rendered":"Information obligation"},"content":{"rendered":"<div data-elementor-type=\"wp-page\" data-elementor-id=\"5323\" class=\"elementor elementor-5323\" data-elementor-settings=\"{&quot;ha_cmc_init_switcher&quot;:&quot;no&quot;}\" data-elementor-post-type=\"page\">\n\t\t\t\t\t\t<section class=\"elementor-section elementor-top-section elementor-element elementor-element-2a55aac elementor-section-boxed elementor-section-height-default elementor-section-height-default\" data-id=\"2a55aac\" data-element_type=\"section\" data-e-type=\"section\">\n\t\t\t\t\t\t<div class=\"elementor-container elementor-column-gap-default\">\n\t\t\t\t\t<div class=\"elementor-column elementor-col-100 elementor-top-column elementor-element elementor-element-0a948ff\" data-id=\"0a948ff\" data-element_type=\"column\" data-e-type=\"column\">\n\t\t\t<div class=\"elementor-widget-wrap elementor-element-populated\">\n\t\t\t\t\t\t<div class=\"elementor-element elementor-element-95b8296 elementor-widget elementor-widget-spacer\" data-id=\"95b8296\" data-element_type=\"widget\" data-e-type=\"widget\" data-widget_type=\"spacer.default\">\n\t\t\t\t<div class=\"elementor-widget-container\">\n\t\t\t\t\t\t\t<div class=\"elementor-spacer\">\n\t\t\t<div class=\"elementor-spacer-inner\"><\/div>\n\t\t<\/div>\n\t\t\t\t\t\t<\/div>\n\t\t\t\t<\/div>\n\t\t\t\t<div class=\"elementor-element elementor-element-b27b905 elementor-widget elementor-widget-heading\" data-id=\"b27b905\" data-element_type=\"widget\" data-e-type=\"widget\" data-widget_type=\"heading.default\">\n\t\t\t\t<div class=\"elementor-widget-container\">\n\t\t\t\t\t<h1 class=\"elementor-heading-title elementor-size-default\">Hinweis zum Schutz Ihrer pers\u00f6nlichen Daten \u2013 Informationspflicht nach Art. 13 DS-GVO<\/h1>\t\t\t\t<\/div>\n\t\t\t\t<\/div>\n\t\t\t\t\t<\/div>\n\t\t<\/div>\n\t\t\t\t\t<\/div>\n\t\t<\/section>\n\t\t\t\t<section class=\"elementor-section elementor-top-section elementor-element elementor-element-f2eb26e elementor-section-boxed elementor-section-height-default elementor-section-height-default\" data-id=\"f2eb26e\" data-element_type=\"section\" data-e-type=\"section\">\n\t\t\t\t\t\t<div class=\"elementor-container elementor-column-gap-default\">\n\t\t\t\t\t<div class=\"elementor-column elementor-col-100 elementor-top-column elementor-element elementor-element-d28300c\" data-id=\"d28300c\" data-element_type=\"column\" data-e-type=\"column\">\n\t\t\t<div class=\"elementor-widget-wrap elementor-element-populated\">\n\t\t\t\t\t\t<div class=\"elementor-element elementor-element-183363a elementor-widget elementor-widget-text-editor\" data-id=\"183363a\" data-element_type=\"widget\" data-e-type=\"widget\" data-widget_type=\"text-editor.default\">\n\t\t\t\t<div class=\"elementor-widget-container\">\n\t\t\t\t\t\t\t\t\t<p>Das Inkrafttreten der Europ\u00e4ischen Datenschutz-Grundverordnung (DS-GVO) nehmen wir zum Anlass, Sie \u00fcber unseren Umgang mit Ihren Daten und Ihre Rechte zu informieren. <br \/>Zu diesem Zweck haben wir nachstehende Informationen f\u00fcr Sie zusammengestellt:<\/p><h4><strong>1. Verantwortlicher f\u00fcr die Datenverarbeitung<\/strong><\/h4><p><strong>Schaffer &amp; Partner mbB\u00a0<\/strong><strong>Tax advisers, auditors, lawyers <br \/><\/strong>\u00c4u\u00dfere Sulzbacher Stra\u00dfe 118<br \/>90491 N\u00fcrnberg<\/p><p>Tel: + 49 911 9 59 98 &#8211; 0<br \/>E-Mail: <a href=\"mailto:nue@schaffer-partner.de\" target=\"_blank\" rel=\"noopener\">nue@schaffer-partner.de<\/a><\/p><p>Thomas Brunner<br \/>Andernacherstr. 53<br \/>90411 N\u00fcrnberg<\/p><p>E-Mail: <a href=\"mailto:datenschutz@schaffer-partner.de\" target=\"_blank\" rel=\"noopener\">datenschutz@schaffer-partner.de<\/a><\/p><h4><strong>2. Zwecke und Rechtsgrundlagen der Datenverarbeitung<\/strong><\/h4><p>Wir verarbeiten Ihre personenbezogenen Daten unter Beachtung der EU-Datenschutz-Grundverordnung (DS-GVO), des Bundesdatenschutzgesetzes (BDSG-neu), sowie weitere branchenbezogener Gesetze. Ihre Daten werden zu unterschiedlichen Zwecken verarbeitet und beinhalten je nach Gesch\u00e4ftsbeziehungen verschiedenste Daten<\/p><p><strong>Mandanten:<\/strong><\/p><p>Um die Beauftragung entsprechend erf\u00fcllen zu k\u00f6nnen, erfolgt eine Datenspeicherung nur insoweit als dies auf Ihre Beauftragung hin und nach Art. 6 Abs. 1 S. 1 lit. a,b,f DS-f\u00fcr die Erf\u00fcllung erforderlich ist. Die Daten werden nicht f\u00fcr weitere Zwecke verwendet oder an Dritte weitergegeben. Falls dies notwendig w\u00e4re, bitten wir Sie um die entsprechende Einwilligung. Bei diesen Daten handelt es sich unter anderem um:<\/p><ul><li>Namensdaten<\/li><li>Kontaktdaten<\/li><li>Rechnungsdaten<\/li><li>Geburtsdatum<\/li><li>Bankverbindung<\/li><\/ul><p><strong>Interessenten:<\/strong><\/p><p>Als Interessent unseres Unternehmens, verarbeiten wir Ihre Daten auf Grundlage des Art. 6 Abs. 1 S. 1lit. a,f DS-GVO. Dies dient der Kontaktaufnahme und Bearbeitung von vorvertraglichen Ma\u00dfnahmen. Bei diesen Daten handelt es sich um Informationen, die Sie uns \u00fcbermittelt haben oder die uns zur Verf\u00fcgung stehen, wie unter anderem um:<\/p><ul><li>Namensdaten<\/li><li>Kontaktdaten<\/li><li>Anliegen<\/li><\/ul><p><strong>Bewerber:<\/strong><\/p><p>Im Zuge des Bewerbungsprozesses werden von Ihnen Daten \u00fcbermittelt, die Sie hierf\u00fcr vorgesehen haben. Dieser Prozess findet unabh\u00e4ngig von der Form der Bewerbung statt (schriftlich, elektronisch, online-upload, etc.) und erfolgt auf Basis des Art. 6 Abs. 1 S.1 lit. a,f DS-GVO. Mit dem Zusenden Ihrer Unterlagen erkl\u00e4ren Sie sich einverstanden, dass die Dokumente gesichtet und bewertet werden, sowie den notwendigen Abteilungen und Ansprechpartnern unseres Unternehmens zug\u00e4nglich gemacht werden.<\/p><p><strong>Externe Dienstleister:<\/strong><\/p><p>Als Kanzlei verarbeiten wir auch Ihre Daten zur Erf\u00fcllung der vertraglichen Pflichten, Art. 6 Abs. 1 S.1 lit a,b,f DS-GVO. Zudem erf\u00fcllen wir die Verpflichtung auf das Datengeheimnis entsprechend der DS-GVO und schlie\u00dfen hier entsprechende Vertr\u00e4ge ab. Daten, die unter anderem, verarbeitet werden, sind:<\/p><ul><li>Namensdaten, auch von Ansprechpartnern Ihres Unternehmens<\/li><li>Kontaktdaten<\/li><li>Bankverbindung<\/li><\/ul><h4><strong>3. Empf\u00e4nger bzw. Kategorien von Empf\u00e4ngern der personenbezogenen Daten<\/strong><\/h4><p>Mit jeder Gesch\u00e4ftsbeziehung geht die Verarbeitung von personenbezogenen Daten einher und somit auch die Weitergabe Ihrer Daten an unterschiedliche Empf\u00e4nger. Nachstehend k\u00f6nnen Sie sich dar\u00fcber informieren.<\/p><p><u>Interne Empf\u00e4nger:<\/u><\/p><p>Abteilungen der Kanzlei, die mit Verarbeitungst\u00e4tigkeiten bzgl. der Erf\u00fcllung der Verpflichtungen aus dem Vertragsverh\u00e4ltnis und weiterem beauftragt sind, erhalten zur Wahrung berechtigter Interessen der Kanzlei die entsprechenden Daten. Alle Mitarbeiter sind entsprechend der DS-GVO geschult und sensibilisiert, sowie zur Verschwiegenheit verpflichtet.<\/p><p><u>Externe Empf\u00e4nger:<\/u><\/p><p>Bei der Verarbeitung Ihrer Daten k\u00f6nnen auch externe Empf\u00e4nger eingebunden werden oder erhalten auf Grund Ihrer Arbeit Einblick in Ihre Daten.<\/p><p>Dabei k\u00f6nnen wir folgende Empf\u00e4nger unterscheiden:<\/p><ul><li>Gesch\u00e4ftspartner \u2013 f\u00fcr einzelne T\u00e4tigkeiten greifen wir auf Gesch\u00e4ftspartner zur\u00fcck, die in einem Vertragsverh\u00e4ltnis zur Kanzlei stehen.<\/li><li>Dienstleister \u2013 zur Erf\u00fcllung von Gesch\u00e4ftsprozessen greifen wir auf Dienstleister zur\u00fcck, die auf das Datengeheimnis verpflichtet sind. Dazu geh\u00f6ren unter anderem IT-Dienstleister, Handwerksunternehmen, usw.<\/li><li>Beh\u00f6rden und Institutionen \u2013 wir sind gesetzlich verpflichtet, vereinzelte Daten weiterzugeben. Hierzu geh\u00f6ren vor allem Gerichte, Finanzamt, Bank, usw.<\/li><\/ul><h4><strong>4. Dauer der Datenspeicherung<\/strong><\/h4><p>Die Speicherung der Daten und der damit verbunden L\u00f6schfristen ist abh\u00e4ngig von der Gesch\u00e4ftsbeziehung, sowie der Art der Daten. <br \/>Eine Vielzahl der personenbezogenen Daten unterliegen gesetzlichen Aufbewahrungspflichten, sowie weiteren gesetzlichen Richtlinien und k\u00f6nnen erst nach Beendigung der Fristen gel\u00f6scht werden.<\/p><p>Personenbezogene Daten zu Mandanten werden entsprechend der gesetzlichen Aufbewahrungspflichten und dem Interesse der Kanzlei gespeichert. Ihre Daten werden f\u00fcr den Zeitraum, in dem Sie bei uns Mandant sind, gespeichert und erst nach der Beendigung entsprechend archiviert. Ebenfalls werden Daten zu Gesch\u00e4ftspartnern und Dienstleistern konform der gesetzlichen Aufbewahrungspflichten gespeichert.<\/p><p>Daten zu Interessenten speichern wir f\u00fcr 12 Monate. Entsteht kein Gesch\u00e4ftsverh\u00e4ltnis, werden die Unterlagen zum Ende eines Gesch\u00e4ftsjahres gel\u00f6scht.<\/p><p>Unterlagen zu Bewerbern bewahren wir f\u00fcr 12 Monate auf, jedoch aber aufgrund des Allgemeinen Gleichbehandlungsgesetzes f\u00fcr mindestens sechs Monate. Zum Ende eines Gesch\u00e4ftsjahres werden die Dokumente gel\u00f6scht oder vernichtet.<\/p><p>Der Speicherung Ihrer Daten k\u00f6nnen Sie jederzeit widersprechen und eine vorzeitige L\u00f6schung beantragen, vorausgesetzt keine gesetzliche Regelung steht diesem Wunsch entgegen.<\/p><h4><strong>5. Betroffenenrechte<\/strong><\/h4><p>Im Zuge der Europ\u00e4ischen Datenschutzgrundverordnung (Art. 12 ff. DS-GVO), sowie gem\u00e4\u00df dem deutschen Bundesdatenschutzgesetz (\u00a7\u00a7 32 ff. BDSG), gelten folgende Betroffenenrechte:<\/p><ul><li>Auskunftsrecht<\/li><\/ul><p>Sie k\u00f6nnen unter der oben genannten Adresse Auskunft \u00fcber die zu Ihrer Person gespeicherten Daten verlangen. Der Auskunftsanspruch umfasst zudem Angaben dar\u00fcber, an wen die Daten weitergegeben wurden und zu welchem Zweck.<\/p><ul><li>Recht auf Berichtigung, Sperrung und L\u00f6schung<\/li><\/ul><p>Dar\u00fcber hinaus k\u00f6nnen Sie unter bestimmten Voraussetzungen die Berichtigung oder die L\u00f6schung Ihrer Daten verlangen. Bestehen allerdings Aufbewahrungspflichten, nach handels- oder steuerrechtlichen Vorschriften, tritt an die Stelle der L\u00f6schung die Sperrung der Daten.<\/p><ul><li>Widerrufs- und Widerspruchsrecht<\/li><\/ul><p>Sie haben das Recht, einer Verarbeitung Ihrer personenbezogenen Daten zu widersprechen, sowie bereits get\u00e4tigte Einwilligungen zu widerrufen.<\/p><ul><li>Weitere Rechte finden Sie in den entsprechenden Gesetzestexten.<\/li><\/ul><h4><strong>6. Beschwerderecht<\/strong><\/h4><p>Gem\u00e4\u00df Art. 77 DS-GVO haben Sie die M\u00f6glichkeit, sich mit einer Beschwerde an den oben genannten Datenschutzbeauftragten oder an eine Datenschutzaufsichtsbeh\u00f6rde zu wenden. Die f\u00fcr Sie zust\u00e4ndige Datenschutzaufsichtsbeh\u00f6rde finden Sie unter folgendem Link:\u00a0<br \/><a href=\"https:\/\/www.bfdi.bund.de\/DE\/Infothek\/Anschriften_Links\/anschriften_links-node.html\" target=\"_blank\" rel=\"nofollow noopener\">https:\/\/www.bfdi.bund.de\/DE\/Infothek\/Anschriften_Links\/anschriften_links-node.html<\/a><\/p><h4><strong>7. Daten\u00fcbermittlung in ein Drittland<\/strong><\/h4><p>Personenbezogene Daten an Empf\u00e4nger au\u00dferhalb des Europ\u00e4ischen Wirtschaftsraums (EWR) werden nicht \u00fcbermittelt.<\/p><h4><strong>8. Automatisierte Entscheidungsfindung<\/strong><\/h4><p>Eine automatisierte Entscheidungsfindung (einschlie\u00dflich Profiling) wird nicht angewendet.<\/p>\t\t\t\t\t\t\t\t<\/div>\n\t\t\t\t<\/div>\n\t\t\t\t\t<\/div>\n\t\t<\/div>\n\t\t\t\t\t<\/div>\n\t\t<\/section>\n\t\t\t\t<\/div>","protected":false},"excerpt":{"rendered":"<p>Hinweis zum Schutz Ihrer pers\u00f6nlichen Daten \u2013 Informationspflicht nach Art. 13 DS-GVO Das Inkrafttreten der Europ\u00e4ischen Datenschutz-Grundverordnung (DS-GVO) nehmen wir zum Anlass, Sie \u00fcber unseren Umgang mit Ihren Daten und Ihre Rechte zu informieren. Zu diesem Zweck haben wir nachstehende Informationen f\u00fcr Sie zusammengestellt: 1. Verantwortlicher f\u00fcr die Datenverarbeitung Schaffer &amp; Partner mbB\u00a0Steuerberater, Wirtschaftspr\u00fcfer, Rechtsanw\u00e4lte [&hellip;]<\/p>\n","protected":false},"author":8,"featured_media":0,"parent":0,"menu_order":0,"comment_status":"closed","ping_status":"closed","template":"","meta":{"ocean_post_layout":"","ocean_both_sidebars_style":"","ocean_both_sidebars_content_width":0,"ocean_both_sidebars_sidebars_width":0,"ocean_sidebar":"0","ocean_second_sidebar":"0","ocean_disable_margins":"enable","ocean_add_body_class":"","ocean_shortcode_before_top_bar":"","ocean_shortcode_after_top_bar":"","ocean_shortcode_before_header":"","ocean_shortcode_after_header":"","ocean_has_shortcode":"","ocean_shortcode_after_title":"","ocean_shortcode_before_footer_widgets":"","ocean_shortcode_after_footer_widgets":"","ocean_shortcode_before_footer_bottom":"","ocean_shortcode_after_footer_bottom":"","ocean_display_top_bar":"default","ocean_display_header":"default","ocean_header_style":"","ocean_center_header_left_menu":"0","ocean_custom_header_template":"0","ocean_custom_logo":0,"ocean_custom_retina_logo":0,"ocean_custom_logo_max_width":0,"ocean_custom_logo_tablet_max_width":0,"ocean_custom_logo_mobile_max_width":0,"ocean_custom_logo_max_height":0,"ocean_custom_logo_tablet_max_height":0,"ocean_custom_logo_mobile_max_height":0,"ocean_header_custom_menu":"0","ocean_menu_typo_font_family":"0","ocean_menu_typo_font_subset":"","ocean_menu_typo_font_size":0,"ocean_menu_typo_font_size_tablet":0,"ocean_menu_typo_font_size_mobile":0,"ocean_menu_typo_font_size_unit":"px","ocean_menu_typo_font_weight":"","ocean_menu_typo_font_weight_tablet":"","ocean_menu_typo_font_weight_mobile":"","ocean_menu_typo_transform":"","ocean_menu_typo_transform_tablet":"","ocean_menu_typo_transform_mobile":"","ocean_menu_typo_line_height":0,"ocean_menu_typo_line_height_tablet":0,"ocean_menu_typo_line_height_mobile":0,"ocean_menu_typo_line_height_unit":"","ocean_menu_typo_spacing":0,"ocean_menu_typo_spacing_tablet":0,"ocean_menu_typo_spacing_mobile":0,"ocean_menu_typo_spacing_unit":"","ocean_menu_link_color":"","ocean_menu_link_color_hover":"","ocean_menu_link_color_active":"","ocean_menu_link_background":"","ocean_menu_link_hover_background":"","ocean_menu_link_active_background":"","ocean_menu_social_links_bg":"","ocean_menu_social_hover_links_bg":"","ocean_menu_social_links_color":"","ocean_menu_social_hover_links_color":"","ocean_disable_title":"default","ocean_disable_heading":"default","ocean_post_title":"","ocean_post_subheading":"","ocean_post_title_style":"","ocean_post_title_background_color":"","ocean_post_title_background":0,"ocean_post_title_bg_image_position":"","ocean_post_title_bg_image_attachment":"","ocean_post_title_bg_image_repeat":"","ocean_post_title_bg_image_size":"","ocean_post_title_height":0,"ocean_post_title_bg_overlay":0.5,"ocean_post_title_bg_overlay_color":"","ocean_disable_breadcrumbs":"default","ocean_breadcrumbs_color":"","ocean_breadcrumbs_separator_color":"","ocean_breadcrumbs_links_color":"","ocean_breadcrumbs_links_hover_color":"","ocean_display_footer_widgets":"default","ocean_display_footer_bottom":"default","ocean_custom_footer_template":"0","footnotes":""},"class_list":["post-5323","page","type-page","status-publish","hentry","entry"],"_links":{"self":[{"href":"https:\/\/schaffer-partner.de\/en\/wp-json\/wp\/v2\/pages\/5323","targetHints":{"allow":["GET"]}}],"collection":[{"href":"https:\/\/schaffer-partner.de\/en\/wp-json\/wp\/v2\/pages"}],"about":[{"href":"https:\/\/schaffer-partner.de\/en\/wp-json\/wp\/v2\/types\/page"}],"author":[{"embeddable":true,"href":"https:\/\/schaffer-partner.de\/en\/wp-json\/wp\/v2\/users\/8"}],"replies":[{"embeddable":true,"href":"https:\/\/schaffer-partner.de\/en\/wp-json\/wp\/v2\/comments?post=5323"}],"version-history":[{"count":18,"href":"https:\/\/schaffer-partner.de\/en\/wp-json\/wp\/v2\/pages\/5323\/revisions"}],"predecessor-version":[{"id":6916,"href":"https:\/\/schaffer-partner.de\/en\/wp-json\/wp\/v2\/pages\/5323\/revisions\/6916"}],"wp:attachment":[{"href":"https:\/\/schaffer-partner.de\/en\/wp-json\/wp\/v2\/media?parent=5323"}],"curies":[{"name":"wp","href":"https:\/\/api.w.org\/{rel}","templated":true}]}}