{"id":3260,"date":"2022-03-24T12:58:19","date_gmt":"2022-03-24T11:58:19","guid":{"rendered":"http:\/\/entw.schaffer-partner.de\/?page_id=3260"},"modified":"2023-07-26T10:35:56","modified_gmt":"2023-07-26T08:35:56","slug":"nachhaltigkeit","status":"publish","type":"page","link":"https:\/\/schaffer-partner.de\/en\/nachhaltigkeit\/","title":{"rendered":"Sustainability"},"content":{"rendered":"<div data-elementor-type=\"wp-page\" data-elementor-id=\"3260\" class=\"elementor elementor-3260\" data-elementor-settings=\"{&quot;ha_cmc_init_switcher&quot;:&quot;no&quot;}\" data-elementor-post-type=\"page\">\n\t\t\t\t\t\t<section class=\"elementor-section elementor-top-section elementor-element elementor-element-f749b3f elementor-section-height-min-height elementor-section-items-top elementor-section-boxed elementor-section-height-default\" data-id=\"f749b3f\" data-element_type=\"section\" data-e-type=\"section\" data-settings=\"{&quot;background_background&quot;:&quot;classic&quot;}\">\n\t\t\t\t\t\t<div class=\"elementor-container elementor-column-gap-default\">\n\t\t\t\t\t<div class=\"elementor-column elementor-col-100 elementor-top-column elementor-element elementor-element-74c39d9\" data-id=\"74c39d9\" data-element_type=\"column\" data-e-type=\"column\">\n\t\t\t<div class=\"elementor-widget-wrap elementor-element-populated\">\n\t\t\t\t\t\t<div class=\"elementor-element elementor-element-76beed8 elementor-widget elementor-widget-heading\" data-id=\"76beed8\" data-element_type=\"widget\" data-e-type=\"widget\" data-widget_type=\"heading.default\">\n\t\t\t\t<div class=\"elementor-widget-container\">\n\t\t\t\t\t<h1 class=\"elementor-heading-title elementor-size-default\">We assume responsibility <\/h1>\t\t\t\t<\/div>\n\t\t\t\t<\/div>\n\t\t\t\t<div class=\"elementor-element elementor-element-2c7c33a elementor-widget elementor-widget-text-editor\" data-id=\"2c7c33a\" data-element_type=\"widget\" data-e-type=\"widget\" data-widget_type=\"text-editor.default\">\n\t\t\t\t<div class=\"elementor-widget-container\">\n\t\t\t\t\t\t\t\t\t<p>As a firm, we not only assume responsibility for our clients and employees, but also to the same extent for society and the environment. For this reason, sustainability is an integral part of our corporate strategy.<\/p><p>We also convey this idea of sustainability to our corporate clients and see ourselves as a multiplier in this context. After all, resources can be saved and costs reduced in almost every company. We initiate changes in these areas and support our partners in their implementation.<\/p>\t\t\t\t\t\t\t\t<\/div>\n\t\t\t\t<\/div>\n\t\t\t\t\t<\/div>\n\t\t<\/div>\n\t\t\t\t\t<\/div>\n\t\t<\/section>\n\t\t\t\t<section class=\"elementor-section elementor-top-section elementor-element elementor-element-4837e6c elementor-section-boxed elementor-section-height-default elementor-section-height-default\" data-id=\"4837e6c\" data-element_type=\"section\" data-e-type=\"section\">\n\t\t\t\t\t\t<div class=\"elementor-container elementor-column-gap-default\">\n\t\t\t\t\t<div class=\"elementor-column elementor-col-100 elementor-top-column elementor-element elementor-element-aaf14ab\" data-id=\"aaf14ab\" data-element_type=\"column\" data-e-type=\"column\">\n\t\t\t<div class=\"elementor-widget-wrap elementor-element-populated\">\n\t\t\t\t\t\t<section class=\"elementor-section elementor-inner-section elementor-element elementor-element-ff66b09 elementor-section-boxed elementor-section-height-default elementor-section-height-default\" data-id=\"ff66b09\" data-element_type=\"section\" data-e-type=\"section\">\n\t\t\t\t\t\t<div class=\"elementor-container elementor-column-gap-default\">\n\t\t\t\t\t<div class=\"elementor-column elementor-col-100 elementor-inner-column elementor-element elementor-element-f9ef3e5\" data-id=\"f9ef3e5\" data-element_type=\"column\" data-e-type=\"column\" data-settings=\"{&quot;background_background&quot;:&quot;classic&quot;}\">\n\t\t\t<div class=\"elementor-widget-wrap elementor-element-populated\">\n\t\t\t\t\t\t<div class=\"elementor-element elementor-element-b5a1a4c elementor-view-default elementor-widget elementor-widget-icon\" data-id=\"b5a1a4c\" data-element_type=\"widget\" data-e-type=\"widget\" data-widget_type=\"icon.default\">\n\t\t\t\t<div class=\"elementor-widget-container\">\n\t\t\t\t\t\t\t<div class=\"elementor-icon-wrapper\">\n\t\t\t<div class=\"elementor-icon\">\n\t\t\t<svg xmlns=\"http:\/\/www.w3.org\/2000\/svg\" xmlns:xlink=\"http:\/\/www.w3.org\/1999\/xlink\" id=\"Capa_1\" x=\"0px\" y=\"0px\" viewbox=\"0 0 369.408 369.408\" style=\"enable-background:new 0 0 369.408 369.408;\" xml:space=\"preserve\"><g>\t<g>\t\t<g>\t\t\t<path d=\"M209.306,229.53c24.115,0,43.725-19.61,43.725-43.725c0-24.115-19.61-43.725-43.725-43.725    c-24.115,0-43.725,19.61-43.725,43.725C165.581,209.92,185.19,229.53,209.306,229.53z M209.306,159.488    c14.541,0,26.317,11.827,26.317,26.317c0,14.541-11.827,26.317-26.317,26.317c-14.541,0-26.317-11.827-26.317-26.317    S194.816,159.488,209.306,159.488z\"><\/path>\t\t\t<path d=\"M237.824,242.739h-57.139c-31.898,0-57.856,25.907-57.856,57.702v53.555c0,8.653,6.758,15.411,15.411,15.411h141.875    c8.653,0,15.411-6.758,15.411-15.411v-53.504C295.578,268.646,269.67,242.739,237.824,242.739z M278.118,352.051h-16.026v-51.354    c0-3.942-3.226-7.168-7.168-7.168c-3.942,0-7.168,3.226-7.168,7.168v51.354h-77.363v-51.354c0-3.942-3.226-7.168-7.168-7.168    c-3.942,0-7.168,3.226-7.168,7.168v51.354h-15.77v-51.558c0-22.221,18.125-40.346,40.397-40.346h57.139    c22.221,0,40.294,18.074,40.294,40.294V352.051z\"><\/path>\t\t\t<path d=\"M263.987,87.45c24.115,0,43.725-19.61,43.725-43.725C307.712,19.61,288.102,0,263.987,0    c-24.115,0-43.725,19.61-43.725,43.725C220.262,67.84,239.872,87.45,263.987,87.45z M263.987,17.408    c14.541,0,26.317,11.827,26.317,26.317c0,14.49-11.827,26.317-26.317,26.317c-14.541,0-26.317-11.827-26.317-26.317    C237.67,29.235,249.446,17.408,263.987,17.408z\"><\/path>\t\t\t<path d=\"M333.261,117.555c-10.906-10.906-25.395-16.947-40.806-16.947h-58.061c-18.227,0-35.533,8.806-46.336,23.552    c-2.867,3.891-1.997,9.318,1.843,12.186c1.536,1.126,3.379,1.69,5.12,1.69c2.662,0,5.325-1.229,7.014-3.533    c7.526-10.291,19.61-16.435,32.307-16.435h58.163c10.752,0,20.838,4.198,28.467,11.827c7.629,7.629,11.827,17.766,11.827,28.467    v51.61h-16.026v-51.354c0-3.942-3.226-7.168-7.168-7.168c-3.942,0-7.168,3.226-7.168,7.168v51.354h-44.902    c-4.813,0-8.704,3.891-8.704,8.704s3.891,8.704,8.704,8.704h77.21c8.653,0,15.411-6.758,15.411-15.411v-53.606    c0.051,0,0.051,0,0.051,0C350.208,142.95,344.218,128.461,333.261,117.555z\"><\/path>\t\t\t<path d=\"M105.626,145.818c24.115,0,43.725-19.61,43.725-43.725c0-24.115-19.61-43.725-43.725-43.725    c-24.115,0-43.725,19.61-43.725,43.725C61.901,126.208,81.51,145.818,105.626,145.818z M105.626,75.725    c14.541,0,26.317,11.827,26.317,26.317c0,14.541-11.827,26.317-26.317,26.317c-14.541,0-26.317-11.827-26.317-26.317    C79.309,87.552,91.136,75.725,105.626,75.725z\"><\/path>\t\t\t<path d=\"M111.155,268.339H66.918v-51.405c0-3.942-3.226-7.168-7.168-7.168c-3.942,0-7.168,3.226-7.168,7.168v51.405H36.557    v-51.61c0-22.221,18.125-40.294,40.448-40.294l57.498,0.051c5.171,0,9.984,0.922,14.797,2.867c1.075,0.41,2.15,0.614,3.277,0.614    c3.43,0,6.707-2.048,8.09-5.427c1.792-4.454-0.358-9.523-4.813-11.315c-6.912-2.765-13.875-4.147-21.299-4.147l-57.498-0.051    c-31.898,0-57.856,25.907-57.856,57.702v53.555c0,8.653,6.758,15.411,15.411,15.411h76.544c4.813,0,8.704-3.891,8.704-8.704    C119.859,272.23,115.968,268.339,111.155,268.339z\"><\/path>\t\t<\/g>\t<\/g><\/g><g><\/g><g><\/g><g><\/g><g><\/g><g><\/g><g><\/g><g><\/g><g><\/g><g><\/g><g><\/g><g><\/g><g><\/g><g><\/g><g><\/g><g><\/g><\/svg>\t\t\t<\/div>\n\t\t<\/div>\n\t\t\t\t\t\t<\/div>\n\t\t\t\t<\/div>\n\t\t\t\t<div class=\"elementor-element elementor-element-1d31463 elementor-widget elementor-widget-heading\" data-id=\"1d31463\" data-element_type=\"widget\" data-e-type=\"widget\" data-widget_type=\"heading.default\">\n\t\t\t\t<div class=\"elementor-widget-container\">\n\t\t\t\t\t<h3 class=\"elementor-heading-title elementor-size-default\">Our employees<\/h3>\t\t\t\t<\/div>\n\t\t\t\t<\/div>\n\t\t\t\t<div class=\"elementor-element elementor-element-bd21ae5 elementor-widget elementor-widget-text-editor\" data-id=\"bd21ae5\" data-element_type=\"widget\" data-e-type=\"widget\" data-widget_type=\"text-editor.default\">\n\t\t\t\t<div class=\"elementor-widget-container\">\n\t\t\t\t\t\t\t\t\t<p>A culture of openness and diversity is important to us. We cultivate respectful interaction with each other based on appreciation and understanding for the other person. In addition, we not only support our employees in their professional development, but also offer them an attractive workplace that promotes the compatibility of family and career in the best possible way.<\/p>\t\t\t\t\t\t\t\t<\/div>\n\t\t\t\t<\/div>\n\t\t\t\t\t<\/div>\n\t\t<\/div>\n\t\t\t\t\t<\/div>\n\t\t<\/section>\n\t\t\t\t<section class=\"elementor-section elementor-inner-section elementor-element elementor-element-003d287 elementor-section-boxed elementor-section-height-default elementor-section-height-default\" data-id=\"003d287\" data-element_type=\"section\" data-e-type=\"section\">\n\t\t\t\t\t\t<div class=\"elementor-container elementor-column-gap-default\">\n\t\t\t\t\t<div class=\"elementor-column elementor-col-100 elementor-inner-column elementor-element elementor-element-1be9fc5\" data-id=\"1be9fc5\" data-element_type=\"column\" data-e-type=\"column\" data-settings=\"{&quot;background_background&quot;:&quot;classic&quot;}\">\n\t\t\t<div class=\"elementor-widget-wrap elementor-element-populated\">\n\t\t\t\t\t\t<div class=\"elementor-element elementor-element-dad1bd6 elementor-view-default elementor-widget elementor-widget-icon\" data-id=\"dad1bd6\" data-element_type=\"widget\" data-e-type=\"widget\" data-widget_type=\"icon.default\">\n\t\t\t\t<div class=\"elementor-widget-container\">\n\t\t\t\t\t\t\t<div class=\"elementor-icon-wrapper\">\n\t\t\t<div class=\"elementor-icon\">\n\t\t\t<svg xmlns=\"http:\/\/www.w3.org\/2000\/svg\" xmlns:xlink=\"http:\/\/www.w3.org\/1999\/xlink\" id=\"Ebene_1\" x=\"0px\" y=\"0px\" viewbox=\"0 0 512 512\" style=\"enable-background:new 0 0 512 512;\" xml:space=\"preserve\"><path id=\"Shape\" d=\"M485.2,34.3c-6.1-0.6-12.2,0.6-17.6,3.6c-2.6-8.5-8.9-15.3-17.1-18.7c-8.2-3.3-17.5-2.8-25.3,1.5 c-4.3-13.4-17.5-22-31.5-20.5c-9.1,1-17.3,6.3-22,14.1c-7.1-5.3-16.2-7-24.7-4.8c-8.5,2.2-15.7,8.1-19.3,16.2h-84 c-1.6,0-3.1-0.4-4.4-1.3L204.7,3.7c-4-2.4-8.5-3.7-13.1-3.7H65.2C49.6-0.2,36.3,11.3,34.3,26.8c-0.6,6.1,0.6,12.2,3.6,17.6 c-8.5,2.6-15.3,8.9-18.7,17.1S16.4,79,20.7,86.8c-13.4,4.3-22,17.5-20.5,31.5c1,9.1,6.2,17.3,14.1,22c-4.3,6-6.3,13.3-5.6,20.7 c1.2,10.2,7.6,19.1,16.9,23.4v84c0,1.5-0.5,3.1-1.3,4.4L3.5,307.4c-2.3,4-3.5,8.4-3.5,13v126.4c-0.2,15.6,11.3,28.9,26.8,30.9 c6.1,0.6,12.2-0.7,17.6-3.6c2.6,8.5,8.9,15.3,17.1,18.7c8.2,3.3,17.5,2.8,25.3-1.5c4,12.3,15.4,20.7,28.4,20.7 c10.3,0,19.8-5.4,25.1-14.3c7.1,5.3,16.2,7,24.7,4.8c8.6-2.2,15.7-8.1,19.3-16.2h84c1.6,0,3.1,0.4,4.4,1.3l34.5,20.7 c4,2.4,8.5,3.7,13.1,3.7h126.4c15.6,0.2,28.9-11.3,30.9-26.8c0.6-6.1-0.6-12.2-3.6-17.6c8.5-2.6,15.3-8.9,18.7-17.1 c3.3-8.2,2.8-17.5-1.5-25.3c13.4-4.3,22-17.4,20.5-31.5c-1-9.1-6.2-17.3-14.1-22c4.3-6,6.3-13.3,5.6-20.7 c-1.2-10.2-7.6-19-16.9-23.4v-84.1c0-1.6,0.5-3.1,1.3-4.4l20.7-34.5c2.4-4,3.7-8.5,3.7-13.1V65.2C512.2,49.6,500.7,36.3,485.2,34.3 L485.2,34.3z M17.1,116.6c-0.4-3.6,0.8-7.2,3.2-9.9c2.4-2.7,5.9-4.3,9.5-4.3h55.5c4.7,0,8.5-3.8,8.5-8.5c0-4.7-3.8-8.5-8.5-8.5H46.9 c-3.6,0-7.1-1.5-9.5-4.2c-2.4-2.7-3.6-6.3-3.2-9.9c1.1-6.8,7.1-11.7,14-11.4h54.2c4.7,0,8.5-3.8,8.5-8.5s-3.8-8.5-8.5-8.5H64 c-3.6,0-7.1-1.5-9.5-4.2c-2.4-2.7-3.6-6.3-3.2-9.9c1.1-6.8,7.1-11.7,14-11.4h126.4c1.6,0,3.1,0.4,4.4,1.3L230.5,39 c4,2.4,8.5,3.6,13.1,3.7h80.6v75.9l-14.8-12.1c-11.1-8.5-26.7-7.6-36.8,2c-7.5,7.3-10.1,18.2-6.7,28.1h-28.6 c-6.7,0-13.2,2.7-17.9,7.4l-80.3,79.7l-0.2,0.2l-3.5,3.5c-4.2,4.1-10.8,4-14.9-0.1c-3.7-3.8-4.1-9.7-0.9-13.9l23.5-28.7 c2.1-2.6,2.5-6.1,1.1-9.1c-1.4-3-4.4-4.9-7.7-4.9H39.6c-6.9,0.3-12.9-4.6-14-11.4c-0.4-3.6,0.8-7.2,3.2-9.9c2.4-2.7,5.9-4.2,9.5-4.2 h46.9c4.7,0,8.5-3.8,8.5-8.5S90,128,85.3,128H31.1C24.2,128.3,18.2,123.4,17.1,116.6L17.1,116.6z M358.4,278.7l-77.9,77.3 c-1.6,1.6-3.7,2.4-5.9,2.5h-41.3l-77.3-77.9c-1.6-1.6-2.5-3.7-2.5-5.9v-41.3l77.9-77.2c1.6-1.6,3.7-2.5,5.9-2.5h41.3l77.3,77.9 c1.6,1.6,2.4,3.7,2.4,5.9V278.7z M159.2,486.3c-3.6,0.4-7.2-0.8-9.9-3.2c-2.7-2.4-4.2-5.9-4.2-9.5v-0.1v-46.8c0-4.7-3.8-8.5-8.5-8.5 s-8.5,3.8-8.5,8.5v46.9v0.1v7.2c0.2,6.9-4.7,12.9-11.5,14c-3.6,0.4-7.2-0.8-9.8-3.2c-2.7-2.4-4.2-5.9-4.2-9.5v-17.1v-0.2v-38.2 c0-4.7-3.8-8.5-8.5-8.5c-4.7,0-8.5,3.8-8.5,8.5v38.4v0.1c0,3.6-1.6,7.1-4.3,9.5c-2.7,2.4-6.3,3.6-9.9,3.2c-6.8-1.1-11.7-7.1-11.4-14 V448v-0.1v-38.3c0-4.7-3.8-8.5-8.5-8.5s-8.5,3.8-8.5,8.5V448v0.1c0,3.6-1.6,7.1-4.3,9.5s-6.3,3.6-9.9,3.2c-6.8-1.1-11.7-7.1-11.4-14 V320.4c0-1.5,0.4-3,1.2-4.4L39,281.5c2.4-4,3.6-8.5,3.7-13.1v-80.6h75.8l-12.1,14.8c-7.8,9.5-8.4,23-1.4,33.1s19.9,14.3,31.5,10.4 v28.6c0,6.7,2.7,13.2,7.4,17.9l79.6,80.2c0.1,0.1,0.2,0.2,0.3,0.3l3.5,3.5c3,3,3.9,7.6,2.2,11.5s-5.5,6.5-9.8,6.5 c-2.3,0-4.6-0.8-6.4-2.2l-28.7-23.5c-2.6-2.1-6.1-2.6-9.1-1.2c-3,1.4-4.9,4.5-4.9,7.8v96.9C170.9,479.3,166,485.3,159.2,486.3 L159.2,486.3z M494.9,395.4c0.4,3.6-0.8,7.2-3.2,9.9c-2.4,2.7-5.9,4.3-9.5,4.3h-55.5c-4.7,0-8.5,3.8-8.5,8.5s3.8,8.5,8.5,8.5h38.4 c3.6,0,7.1,1.5,9.5,4.2c2.4,2.7,3.6,6.3,3.2,9.9c-1.1,6.8-7.1,11.7-14,11.4h-54.2c-4.7,0-8.5,3.8-8.5,8.5s3.8,8.5,8.5,8.5H448 c3.6,0,7.1,1.5,9.5,4.2s3.6,6.3,3.2,9.9c-1.1,6.8-7.1,11.7-14,11.4H320.4c-1.6,0-3.1-0.4-4.4-1.3L281.5,473c-4-2.4-8.5-3.6-13.1-3.7 h-80.6v-75.9l14.8,12.1c11.1,8.5,26.7,7.6,36.8-2c7.5-7.3,10.1-18.2,6.7-28.1h28.6c6.7,0,13.2-2.7,17.9-7.4l80.3-79.6l0.3-0.3 l3.5-3.4c4.2-4.1,10.8-4,14.9,0.1c3.7,3.8,4.1,9.7,0.9,13.9l-23.5,28.7c-2.1,2.5-2.5,6.1-1.1,9c1.4,3,4.4,4.9,7.7,4.9h96.9 c6.9-0.3,12.9,4.6,14,11.4c0.4,3.6-0.8,7.2-3.2,9.9c-2.4,2.7-5.9,4.2-9.5,4.2h-46.9c-4.7,0-8.5,3.8-8.5,8.5c0,4.7,3.8,8.5,8.5,8.5 h54.3C487.8,383.7,493.8,388.6,494.9,395.4L494.9,395.4z M494.9,191.6c0,1.6-0.4,3.1-1.3,4.4L473,230.5c-2.4,4-3.6,8.5-3.7,13.1 v80.6h-75.9l12.1-14.8c8.8-11,7.9-26.8-2-36.8c-7.5-7.2-18.2-9.6-28.1-6.5v-28.8c0-6.7-2.7-13.2-7.4-17.9l-79.6-80.3l-0.2-0.2 l-3.5-3.5c-2-2-3.1-4.7-3.1-7.5c0-2.8,1.2-5.5,3.2-7.4c3.8-3.6,9.7-4,13.9-0.9l28.7,23.5c2.5,2.1,6.1,2.5,9,1.1 c3-1.4,4.9-4.4,4.9-7.7V39.6c-0.3-6.9,4.6-12.9,11.4-14c3.6-0.4,7.2,0.8,9.9,3.2s4.2,5.9,4.2,9.5v46.9c0,4.7,3.8,8.5,8.5,8.5 c4.7,0,8.5-3.8,8.5-8.5V31.1c-0.3-6.9,4.6-12.9,11.4-14c3.6-0.4,7.2,0.8,9.9,3.2s4.2,5.9,4.2,9.5v55.5c0,4.7,3.8,8.5,8.5,8.5 s8.5-3.8,8.5-8.5V46.9c0-3.6,1.5-7.1,4.2-9.5c2.7-2.4,6.3-3.6,9.9-3.2c6.8,1.1,11.7,7.1,11.4,14v54.2c0,4.7,3.8,8.5,8.5,8.5 s8.5-3.8,8.5-8.5V64c0-3.6,1.5-7.1,4.2-9.5c2.7-2.4,6.3-3.6,9.9-3.2c6.8,1.1,11.7,7.1,11.4,14L494.9,191.6z\"><\/path><\/svg>\t\t\t<\/div>\n\t\t<\/div>\n\t\t\t\t\t\t<\/div>\n\t\t\t\t<\/div>\n\t\t\t\t<div class=\"elementor-element elementor-element-f175b47 elementor-widget elementor-widget-heading\" data-id=\"f175b47\" data-element_type=\"widget\" data-e-type=\"widget\" data-widget_type=\"heading.default\">\n\t\t\t\t<div class=\"elementor-widget-container\">\n\t\t\t\t\t<h3 class=\"elementor-heading-title elementor-size-default\">Our society<\/h3>\t\t\t\t<\/div>\n\t\t\t\t<\/div>\n\t\t\t\t<div class=\"elementor-element elementor-element-63abc56 elementor-widget elementor-widget-text-editor\" data-id=\"63abc56\" data-element_type=\"widget\" data-e-type=\"widget\" data-widget_type=\"text-editor.default\">\n\t\t\t\t<div class=\"elementor-widget-container\">\n\t\t\t\t\t\t\t\t\t<p>Social commitment is deeply rooted in our corporate values. Both as a firm and personally, our partners with power of representation support social and charitable institutions. The company also supports the voluntary activities of our employees. Social activities are particularly near to our hearts, and for many years we have supported the Lions Adventskalender, the F\u00f6rderverein Dehnberger Hoftheater, the F\u00f6rderverein K\u00fcnstlerkolonie Fichtelgebirge and the Verein Klasse 2000.<\/p>\t\t\t\t\t\t\t\t<\/div>\n\t\t\t\t<\/div>\n\t\t\t\t\t<\/div>\n\t\t<\/div>\n\t\t\t\t\t<\/div>\n\t\t<\/section>\n\t\t\t\t<section class=\"elementor-section elementor-inner-section elementor-element elementor-element-3a47250 elementor-section-boxed elementor-section-height-default elementor-section-height-default\" data-id=\"3a47250\" data-element_type=\"section\" data-e-type=\"section\">\n\t\t\t\t\t\t<div class=\"elementor-container elementor-column-gap-default\">\n\t\t\t\t\t<div class=\"elementor-column elementor-col-100 elementor-inner-column elementor-element elementor-element-8acd5d8\" data-id=\"8acd5d8\" data-element_type=\"column\" data-e-type=\"column\" data-settings=\"{&quot;background_background&quot;:&quot;classic&quot;}\">\n\t\t\t<div class=\"elementor-widget-wrap elementor-element-populated\">\n\t\t\t\t\t\t<div class=\"elementor-element elementor-element-d724e9d elementor-view-default elementor-widget elementor-widget-icon\" data-id=\"d724e9d\" data-element_type=\"widget\" data-e-type=\"widget\" data-widget_type=\"icon.default\">\n\t\t\t\t<div class=\"elementor-widget-container\">\n\t\t\t\t\t\t\t<div class=\"elementor-icon-wrapper\">\n\t\t\t<div class=\"elementor-icon\">\n\t\t\t<svg xmlns=\"http:\/\/www.w3.org\/2000\/svg\" height=\"512pt\" viewbox=\"0 -31 512 512\" width=\"512pt\"><path d=\"m467 240c-11.765625 0-23.347656 4.476562-31.640625 12.082031-9.363281-17.636719-22.617187-33.257812-38.683594-45.265625-19.425781-14.523437-41.890625-23.355468-65.675781-25.976562v-30.839844h15c74.4375 0 135-60.5625 135-135 0-8.285156-6.714844-15-15-15h-30c-53.90625 0-100.53125 31.765625-122.152344 77.558594-18.773437-28.617188-51.136718-47.558594-87.847656-47.558594h-30c-8.285156 0-15 6.714844-15 15 0 57.898438 47.101562 105 105 105h15v30.851562c-35.5 3.972657-68.085938 21.929688-90.519531 50.046876-28.601563-4.007813-58.394531.390624-85.652344 13.714843-.054687.027344-52.390625 26.386719-52.390625 26.386719h-57.4375c-8.285156 0-15 6.714844-15 15v119.183594c0 8.285156 6.714844 15 15 15 .757812 0 1.5-.074219 2.226562-.183594 0 0 36.246094-.015625 58.8125-.007812 23.230469.011718 45.851563 4.652343 67.242188 13.796874 25.160156 10.757813 51.792969 16.210938 79.15625 16.210938h168.5625c4.695312 0 9.121094-2.199219 11.957031-5.941406l100.058594-132.074219c5.878906-7.839844 8.984375-17.167969 8.984375-26.984375 0-24.8125-20.1875-45-45-45zm-31-210h13.933594c-7.300782 50.816406-51.128906 90-103.933594 90h-13.933594c7.300782-50.816406 51.128906-90 103.933594-90zm-150 90c-36.21875 0-66.523438-25.808594-73.492188-60h13.492188c36.21875 0 66.523438 25.808594 73.492188 60zm30 90c43.292969 0 81.414062 26.058594 97.367188 65.664062l-24.375 26.164063c-5.683594-18.414063-22.804688-31.828125-42.992188-31.828125h-48.679688c-3.648437 0-7.167968-1.328125-9.910156-3.738281-13.316406-11.71875-28.304687-20.6875-44.203125-26.847657 19.402344-18.683593 45.398438-29.414062 72.792969-29.414062zm163.058594 83.925781-95.511719 126.074219h-161.109375c-23.285156 0-45.953125-4.640625-67.363281-13.796875-25.132813-10.742187-51.71875-16.199219-79.019531-16.210937-15.910157-.007813-33.765626-.003907-46.054688 0v-88.992188h46c2.34375 0 4.652344-.550781 6.746094-1.601562l55.339844-27.871094c42.292968-20.640625 93.324218-14.585938 129.507812 17.253906 8.21875 7.234375 18.777344 11.21875 29.726562 11.21875h48.679688c8.269531 0 15 6.8125 15 15.183594 0 7.515625-5.5625 13.738281-12.78125 14.816406h-123.824219c-8.285156 0-15 6.714844-15 15s6.714844 15 15 15c0 0 132.023438-.191406 132.28125-.191406 12.167969 0 23.898438-4.925782 32.304688-13.953125 0 0 66.53125-71.464844 66.765625-71.757813 2.753906-2.472656 7.125-4.097656 11.253906-4.097656 8.269531 0 15 6.730469 15 15 0 3.273438-1.03125 6.378906-2.941406 8.925781zm0 0\"><\/path><\/svg>\t\t\t<\/div>\n\t\t<\/div>\n\t\t\t\t\t\t<\/div>\n\t\t\t\t<\/div>\n\t\t\t\t<div class=\"elementor-element elementor-element-129e59e elementor-widget elementor-widget-heading\" data-id=\"129e59e\" data-element_type=\"widget\" data-e-type=\"widget\" data-widget_type=\"heading.default\">\n\t\t\t\t<div class=\"elementor-widget-container\">\n\t\t\t\t\t<h3 class=\"elementor-heading-title elementor-size-default\">Our environment<\/h3>\t\t\t\t<\/div>\n\t\t\t\t<\/div>\n\t\t\t\t<div class=\"elementor-element elementor-element-a288753 elementor-widget elementor-widget-text-editor\" data-id=\"a288753\" data-element_type=\"widget\" data-e-type=\"widget\" data-widget_type=\"text-editor.default\">\n\t\t\t\t<div class=\"elementor-widget-container\">\n\t\t\t\t\t\t\t\t\t<p>To the same extent, we show respect for nature and the environment. Wherever possible, we try to keep our ecological footprint as small as possible. Even small measures can make a big difference. For example, we focus on reducing paper consumption, promote the use of public transport among our employees and rely on secure digital communication and data transfer to avoid unnecessary journeys to face-to-face meetings as far as possible.<\/p>\t\t\t\t\t\t\t\t<\/div>\n\t\t\t\t<\/div>\n\t\t\t\t\t<\/div>\n\t\t<\/div>\n\t\t\t\t\t<\/div>\n\t\t<\/section>\n\t\t\t\t\t<\/div>\n\t\t<\/div>\n\t\t\t\t\t<\/div>\n\t\t<\/section>\n\t\t\t\t<\/div>","protected":false},"excerpt":{"rendered":"<p>Wir \u00fcbernehmen Verantwortung Als Kanzlei \u00fcbernehmen wir nicht nur die Verantwortung f\u00fcr unsere Mandanten und Mitarbeiter, sondern in gleichem Ma\u00dfe auch f\u00fcr die Gesellschaft und Umwelt. Aus diesem Grund ist die Nachhaltigkeit integraler Bestandteil unserer Unternehmensstrategie. Diesen Nachhaltigkeitsgedanken geben wir auch an unsere Unternehmensmandate weiter und sehen uns hier als Multiplikator. Denn in fast jedem [&hellip;]<\/p>\n","protected":false},"author":1,"featured_media":0,"parent":0,"menu_order":0,"comment_status":"closed","ping_status":"closed","template":"elementor_header_footer","meta":{"ocean_post_layout":"","ocean_both_sidebars_style":"","ocean_both_sidebars_content_width":0,"ocean_both_sidebars_sidebars_width":0,"ocean_sidebar":"0","ocean_second_sidebar":"0","ocean_disable_margins":"enable","ocean_add_body_class":"","ocean_shortcode_before_top_bar":"","ocean_shortcode_after_top_bar":"","ocean_shortcode_before_header":"","ocean_shortcode_after_header":"","ocean_has_shortcode":"","ocean_shortcode_after_title":"","ocean_shortcode_before_footer_widgets":"","ocean_shortcode_after_footer_widgets":"","ocean_shortcode_before_footer_bottom":"","ocean_shortcode_after_footer_bottom":"","ocean_display_top_bar":"default","ocean_display_header":"default","ocean_header_style":"","ocean_center_header_left_menu":"0","ocean_custom_header_template":"0","ocean_custom_logo":0,"ocean_custom_retina_logo":0,"ocean_custom_logo_max_width":0,"ocean_custom_logo_tablet_max_width":0,"ocean_custom_logo_mobile_max_width":0,"ocean_custom_logo_max_height":0,"ocean_custom_logo_tablet_max_height":0,"ocean_custom_logo_mobile_max_height":0,"ocean_header_custom_menu":"0","ocean_menu_typo_font_family":"0","ocean_menu_typo_font_subset":"","ocean_menu_typo_font_size":0,"ocean_menu_typo_font_size_tablet":0,"ocean_menu_typo_font_size_mobile":0,"ocean_menu_typo_font_size_unit":"px","ocean_menu_typo_font_weight":"","ocean_menu_typo_font_weight_tablet":"","ocean_menu_typo_font_weight_mobile":"","ocean_menu_typo_transform":"","ocean_menu_typo_transform_tablet":"","ocean_menu_typo_transform_mobile":"","ocean_menu_typo_line_height":0,"ocean_menu_typo_line_height_tablet":0,"ocean_menu_typo_line_height_mobile":0,"ocean_menu_typo_line_height_unit":"","ocean_menu_typo_spacing":0,"ocean_menu_typo_spacing_tablet":0,"ocean_menu_typo_spacing_mobile":0,"ocean_menu_typo_spacing_unit":"","ocean_menu_link_color":"","ocean_menu_link_color_hover":"","ocean_menu_link_color_active":"","ocean_menu_link_background":"","ocean_menu_link_hover_background":"","ocean_menu_link_active_background":"","ocean_menu_social_links_bg":"","ocean_menu_social_hover_links_bg":"","ocean_menu_social_links_color":"","ocean_menu_social_hover_links_color":"","ocean_disable_title":"default","ocean_disable_heading":"default","ocean_post_title":"","ocean_post_subheading":"","ocean_post_title_style":"","ocean_post_title_background_color":"","ocean_post_title_background":0,"ocean_post_title_bg_image_position":"","ocean_post_title_bg_image_attachment":"","ocean_post_title_bg_image_repeat":"","ocean_post_title_bg_image_size":"","ocean_post_title_height":0,"ocean_post_title_bg_overlay":0.5,"ocean_post_title_bg_overlay_color":"","ocean_disable_breadcrumbs":"default","ocean_breadcrumbs_color":"","ocean_breadcrumbs_separator_color":"","ocean_breadcrumbs_links_color":"","ocean_breadcrumbs_links_hover_color":"","ocean_display_footer_widgets":"default","ocean_display_footer_bottom":"default","ocean_custom_footer_template":"0","footnotes":""},"class_list":["post-3260","page","type-page","status-publish","hentry","entry"],"_links":{"self":[{"href":"https:\/\/schaffer-partner.de\/en\/wp-json\/wp\/v2\/pages\/3260","targetHints":{"allow":["GET"]}}],"collection":[{"href":"https:\/\/schaffer-partner.de\/en\/wp-json\/wp\/v2\/pages"}],"about":[{"href":"https:\/\/schaffer-partner.de\/en\/wp-json\/wp\/v2\/types\/page"}],"author":[{"embeddable":true,"href":"https:\/\/schaffer-partner.de\/en\/wp-json\/wp\/v2\/users\/1"}],"replies":[{"embeddable":true,"href":"https:\/\/schaffer-partner.de\/en\/wp-json\/wp\/v2\/comments?post=3260"}],"version-history":[{"count":39,"href":"https:\/\/schaffer-partner.de\/en\/wp-json\/wp\/v2\/pages\/3260\/revisions"}],"predecessor-version":[{"id":6372,"href":"https:\/\/schaffer-partner.de\/en\/wp-json\/wp\/v2\/pages\/3260\/revisions\/6372"}],"wp:attachment":[{"href":"https:\/\/schaffer-partner.de\/en\/wp-json\/wp\/v2\/media?parent=3260"}],"curies":[{"name":"wp","href":"https:\/\/api.w.org\/{rel}","templated":true}]}}